{"id":13,"date":"2023-04-27T09:01:16","date_gmt":"2023-04-27T07:01:16","guid":{"rendered":"http:\/\/localhost\/?page_id=13"},"modified":"2023-06-04T01:50:52","modified_gmt":"2023-06-03T23:50:52","slug":"kontakt","status":"publish","type":"page","link":"https:\/\/zp-group.cz\/index.php\/kontakt\/","title":{"rendered":"Kontakt"},"content":{"rendered":"<h2>Kontaktujte n\u00e1s<\/h2>\n<p>V p\u0159\u00edpad\u011b pot\u0159eby n\u00e1s s d\u016fv\u011brou a zcela anonymn\u011b kontaktujte<\/p>\n<p><strong>724 708 058<\/strong><br \/>\n<strong>zpgroup@seznam.cz<\/strong><\/p>\n<p>Formou emailov\u00e9 po\u0161ty, p\u0159\u00edpadn\u011b telefon\u00e1tem na v\u00fd\u0161e uveden\u00e9 telefonn\u00ed \u010d\u00edslo, m\u016f\u017eete popsat sv\u016fj probl\u00e9m. My tento probl\u00e9m diskr\u00e9tn\u011b vyhodnot\u00edme a obratem V\u00e1m nab\u00eddneme \u0159e\u0161en\u00ed. Toto v\u0161e zcela <strong>ZDARMA<\/strong>.<\/p>\n<p>N\u00e1sledn\u011b je u\u017e na V\u00e1s, zda p\u0159\u00edpad chcete konzultovat podrobn\u011bji formou osobn\u00ed konzultace s n\u00e1vrhem konkr\u00e9tn\u00edho \u0159e\u0161en\u00ed. Teprve po tomto bude stanoven postup a finan\u010dn\u00ed kalkulace. Na\u0161e firma i Vy mus\u00edme m\u00edt na z\u00e1klad\u011b v\u00fd\u0161e uveden\u00e9ho jedn\u00e1n\u00ed jasno v tom:<\/p>\n<ul>\n<li>co chcete<\/li>\n<li>kdy a jak toho doc\u00edlit<\/li>\n<li>za jak\u00fdch finan\u010dn\u00edch podm\u00ednek<\/li>\n<\/ul>\n<p>V\u011b\u0159\u00edme, \u017ee s nab\u00eddkou na\u0161ich slu\u017eeb budete spokojeni.<\/p>\n<p>PROFESIONALITA &#8211; DISKR\u00c9TNOST &#8211; ZP GROUP T\u0158INEC<\/p>\n","protected":false},"excerpt":{"rendered":"<p>Kontaktujte n\u00e1s V p\u0159\u00edpad\u011b pot\u0159eby n\u00e1s s d\u016fv\u011brou a zcela anonymn\u011b kontaktujte 724 708 058 zpgroup@seznam.cz Formou emailov\u00e9 po\u0161ty, p\u0159\u00edpadn\u011b telefon\u00e1tem na v\u00fd\u0161e uveden\u00e9 telefonn\u00ed \u010d\u00edslo, m\u016f\u017eete popsat sv\u016fj probl\u00e9m. My tento probl\u00e9m diskr\u00e9tn\u011b vyhodnot\u00edme a obratem V\u00e1m nab\u00eddneme \u0159e\u0161en\u00ed. Toto v\u0161e zcela ZDARMA. N\u00e1sledn\u011b je u\u017e na V\u00e1s, zda p\u0159\u00edpad chcete konzultovat podrobn\u011bji formou [&hellip;]<\/p>\n","protected":false},"author":1,"featured_media":0,"parent":0,"menu_order":0,"comment_status":"closed","ping_status":"closed","template":"","meta":{"footnotes":""},"class_list":["post-13","page","type-page","status-publish","hentry","entry"],"_links":{"self":[{"href":"https:\/\/zp-group.cz\/index.php\/wp-json\/wp\/v2\/pages\/13","targetHints":{"allow":["GET"]}}],"collection":[{"href":"https:\/\/zp-group.cz\/index.php\/wp-json\/wp\/v2\/pages"}],"about":[{"href":"https:\/\/zp-group.cz\/index.php\/wp-json\/wp\/v2\/types\/page"}],"author":[{"embeddable":true,"href":"https:\/\/zp-group.cz\/index.php\/wp-json\/wp\/v2\/users\/1"}],"replies":[{"embeddable":true,"href":"https:\/\/zp-group.cz\/index.php\/wp-json\/wp\/v2\/comments?post=13"}],"version-history":[{"count":7,"href":"https:\/\/zp-group.cz\/index.php\/wp-json\/wp\/v2\/pages\/13\/revisions"}],"predecessor-version":[{"id":362,"href":"https:\/\/zp-group.cz\/index.php\/wp-json\/wp\/v2\/pages\/13\/revisions\/362"}],"wp:attachment":[{"href":"https:\/\/zp-group.cz\/index.php\/wp-json\/wp\/v2\/media?parent=13"}],"curies":[{"name":"wp","href":"https:\/\/api.w.org\/{rel}","templated":true}]}}