{"id":2,"date":"2023-04-13T18:15:49","date_gmt":"2023-04-13T16:15:49","guid":{"rendered":"http:\/\/localhost\/?page_id=2"},"modified":"2024-01-27T10:09:11","modified_gmt":"2024-01-27T09:09:11","slug":"zkusebni-stranka","status":"publish","type":"page","link":"https:\/\/zp-group.cz\/","title":{"rendered":"ZP group T\u0159inec"},"content":{"rendered":"\t\t<div data-elementor-type=\"wp-page\" data-elementor-id=\"2\" class=\"elementor elementor-2\">\n\t\t\t\t\t\t<section class=\"elementor-section elementor-top-section elementor-element elementor-element-4a3bb79a elementor-section-boxed elementor-section-height-default elementor-section-height-default\" data-id=\"4a3bb79a\" data-element_type=\"section\">\n\t\t\t\t\t\t<div class=\"elementor-container elementor-column-gap-default\">\n\t\t\t\t\t<div class=\"elementor-column elementor-col-100 elementor-top-column elementor-element elementor-element-7fa4a7b1\" data-id=\"7fa4a7b1\" data-element_type=\"column\">\n\t\t\t<div class=\"elementor-widget-wrap elementor-element-populated\">\n\t\t\t\t\t\t<div class=\"elementor-element elementor-element-75afa741 elementor-widget__width-initial elementor-widget elementor-widget-text-editor\" data-id=\"75afa741\" data-element_type=\"widget\" data-widget_type=\"text-editor.default\">\n\t\t\t\t<div class=\"elementor-widget-container\">\n\t\t\t\t\t\t\t\t\t<p><\/p>\n<p>ZP group T\u0159inec byla zalo\u017eena v roce 2008. Jedn\u00e1 se zejm\u00e9na o zku\u0161en\u00e9 b\u00fdval\u00e9 policisty Policie \u010cesk\u00e9 Republiky s dlouholetou prax\u00ed, kte\u0159\u00ed vyu\u017e\u00edvaj\u00ed sv\u00e9 zku\u0161enosti striktn\u011b v r\u00e1mci platn\u00e9 legislativy \u010cesk\u00e9 Republiky a to za p\u0159im\u011b\u0159en\u00fdch finan\u010dn\u00edch podm\u00ednek.<\/p>\n<p>ZP group T\u0159inec nab\u00edz\u00ed zejm\u00e9na tyto slu\u017eby:<\/p>\n<p><\/p>\n<ul>\n<li><a href=\"https:\/\/zp-group.cz\/index.php\/category\/pracovni-pozice\/\">Zprost\u0159edkov\u00e1n\u00ed zam\u011bstn\u00e1n\u00ed<\/a><\/li>\n<li><a href=\"https:\/\/zp-group.cz\/kontrola-prace-neschopnych.html\">Kontrola pr\u00e1ce neschopn\u00fdch zam\u011bstnanc\u016f<\/a><\/li>\n<li><a href=\"https:\/\/zp-group.cz\/vymahani-pohledavek.html\">Vym\u00e1h\u00e1n\u00ed dluh\u016f<\/a><\/li>\n<li><a href=\"https:\/\/zp-group.cz\/kuryrni-sluzba.html\">Kur\u00fdrn\u00ed slu\u017eba<\/a><\/li>\n<\/ul>\n<p><\/p>\n<p><!-- \/wp:list --><!-- wp:paragraph --><\/p>\n<p>P\u016fsob\u00edme na cel\u00e9m \u00fazem\u00ed \u010cesk\u00e9 Republiky, prioritn\u011b v\u0161ak na teritori\u00e1ln\u00edm \u00fazem\u00ed Moravskoslezsk\u00e9ho kraje.<\/p>\n<p><!-- \/wp:list --><\/p>\t\t\t\t\t\t\t\t<\/div>\n\t\t\t\t<\/div>\n\t\t\t\t\t<\/div>\n\t\t<\/div>\n\t\t\t\t\t<\/div>\n\t\t<\/section>\n\t\t\t\t<section class=\"elementor-section elementor-top-section elementor-element elementor-element-c9723e3 elementor-section-boxed elementor-section-height-default elementor-section-height-default\" data-id=\"c9723e3\" data-element_type=\"section\" data-settings=\"{&quot;background_background&quot;:&quot;classic&quot;}\">\n\t\t\t\t\t\t<div class=\"elementor-container elementor-column-gap-default\">\n\t\t\t\t\t<div class=\"elementor-column elementor-col-100 elementor-top-column elementor-element elementor-element-36f9e3f\" data-id=\"36f9e3f\" data-element_type=\"column\">\n\t\t\t<div class=\"elementor-widget-wrap elementor-element-populated\">\n\t\t\t\t\t\t<div class=\"elementor-element elementor-element-43904dd elementor-widget elementor-widget-wp-widget-recent-posts\" data-id=\"43904dd\" data-element_type=\"widget\" data-widget_type=\"wp-widget-recent-posts.default\">\n\t\t\t\t<div class=\"elementor-widget-container\">\n\t\t\t\t\t\n\t\t\n\t\t<h5>Nejnov\u011bj\u0161\u00ed pracovn\u00ed pozice<\/h5>\n\t\t<ul>\n\t\t\t\t\t\t\t\t\t\t\t<li>\n\t\t\t\t\t<a href=\"https:\/\/zp-group.cz\/index.php\/2023\/06\/04\/prodejni-koordinator-s-nemeckym-jazykem\/\">PRODEJN\u00cd KOORDIN\u00c1TOR S N\u011aMECK\u00ddM JAZYKEM<\/a>\n\t\t\t\t\t\t\t\t\t<\/li>\n\t\t\t\t\t\t\t\t\t\t\t<li>\n\t\t\t\t\t<a href=\"https:\/\/zp-group.cz\/index.php\/2023\/06\/04\/operator-ka-cnc-stroju\/\">OPER\u00c1TOR\/KA CNC STROJ\u016e<\/a>\n\t\t\t\t\t\t\t\t\t<\/li>\n\t\t\t\t\t\t\t\t\t\t\t<li>\n\t\t\t\t\t<a href=\"https:\/\/zp-group.cz\/index.php\/2023\/06\/04\/provozni-elektrikari\/\">PROVOZN\u00cd ELEKTRIK\u00c1\u0158I<\/a>\n\t\t\t\t\t\t\t\t\t<\/li>\n\t\t\t\t\t\t\t\t\t\t\t<li>\n\t\t\t\t\t<a href=\"https:\/\/zp-group.cz\/index.php\/2023\/06\/04\/provozni-zamecnici\/\">PROVOZN\u00cd Z\u00c1ME\u010cN\u00cdCI<\/a>\n\t\t\t\t\t\t\t\t\t<\/li>\n\t\t\t\t\t\t\t\t\t\t\t<li>\n\t\t\t\t\t<a href=\"https:\/\/zp-group.cz\/index.php\/2023\/06\/04\/instalater-ka\/\">INSTALAT\u00c9R\/KA<\/a>\n\t\t\t\t\t\t\t\t\t<\/li>\n\t\t\t\t\t\t\t\t\t\t\t<li>\n\t\t\t\t\t<a href=\"https:\/\/zp-group.cz\/index.php\/2023\/05\/14\/elektrikar-pouze-ranni-smeny\/\">ELEKTRIK\u00c1\u0158 \u2013 pouze rann\u00ed sm\u011bny<\/a>\n\t\t\t\t\t\t\t\t\t<\/li>\n\t\t\t\t\t<\/ul>\n\n\t\t\t\t\t\t<\/div>\n\t\t\t\t<\/div>\n\t\t\t\t\t<\/div>\n\t\t<\/div>\n\t\t\t\t\t<\/div>\n\t\t<\/section>\n\t\t\t\t<section class=\"elementor-section elementor-top-section elementor-element elementor-element-c5fa907 elementor-section-boxed elementor-section-height-default elementor-section-height-default\" data-id=\"c5fa907\" data-element_type=\"section\">\n\t\t\t\t\t\t<div class=\"elementor-container elementor-column-gap-default\">\n\t\t\t\t\t<div class=\"elementor-column elementor-col-100 elementor-top-column elementor-element elementor-element-f53eb2e\" data-id=\"f53eb2e\" data-element_type=\"column\">\n\t\t\t<div class=\"elementor-widget-wrap\">\n\t\t\t\t\t\t\t<\/div>\n\t\t<\/div>\n\t\t\t\t\t<\/div>\n\t\t<\/section>\n\t\t\t\t<section class=\"elementor-section elementor-top-section elementor-element elementor-element-29acc8e elementor-section-boxed elementor-section-height-default elementor-section-height-default\" data-id=\"29acc8e\" data-element_type=\"section\">\n\t\t\t\t\t\t<div class=\"elementor-container elementor-column-gap-default\">\n\t\t\t\t\t<div class=\"elementor-column elementor-col-100 elementor-top-column elementor-element elementor-element-9379b1d\" data-id=\"9379b1d\" data-element_type=\"column\">\n\t\t\t<div class=\"elementor-widget-wrap elementor-element-populated\">\n\t\t\t\t\t\t<div class=\"elementor-element elementor-element-cd44267 elementor-widget elementor-widget-heading\" data-id=\"cd44267\" data-element_type=\"widget\" data-widget_type=\"heading.default\">\n\t\t\t\t<div class=\"elementor-widget-container\">\n\t\t\t\t\t<h2 class=\"elementor-heading-title elementor-size-default\">Hodnocen\u00ed na\u0161ich klient\u016f<\/h2>\t\t\t\t<\/div>\n\t\t\t\t<\/div>\n\t\t\t\t\t<\/div>\n\t\t<\/div>\n\t\t\t\t\t<\/div>\n\t\t<\/section>\n\t\t\t\t<section class=\"elementor-section elementor-top-section elementor-element elementor-element-0cba8e8 elementor-section-boxed elementor-section-height-default elementor-section-height-default\" data-id=\"0cba8e8\" data-element_type=\"section\">\n\t\t\t\t\t\t<div class=\"elementor-container elementor-column-gap-default\">\n\t\t\t\t\t<div class=\"elementor-column elementor-col-50 elementor-top-column elementor-element elementor-element-5142431\" data-id=\"5142431\" data-element_type=\"column\">\n\t\t\t<div class=\"elementor-widget-wrap elementor-element-populated\">\n\t\t\t\t\t\t<div class=\"elementor-element elementor-element-6df7d87 elementor-widget elementor-widget-testimonial\" data-id=\"6df7d87\" data-element_type=\"widget\" data-widget_type=\"testimonial.default\">\n\t\t\t\t<div class=\"elementor-widget-container\">\n\t\t\t\t\t\t\t<div class=\"elementor-testimonial-wrapper\">\n\t\t\t\t\t\t\t<div class=\"elementor-testimonial-content\">Firma ZP group T\u0159inec mi pomohla naj\u00edt zam\u011bstn\u00e1n\u00ed. Vy\u0159e\u0161ili v\u0161echny podklady a poradili mi, abych na n\u011bco nezapomn\u011bl. V\u0161e prob\u011bhlo hladce a bez probl\u00e9mu.<\/div>\n\t\t\t\n\t\t\t\t\t\t<div class=\"elementor-testimonial-meta elementor-has-image elementor-testimonial-image-position-aside\">\n\t\t\t\t<div class=\"elementor-testimonial-meta-inner\">\n\t\t\t\t\t\t\t\t\t\t\t<div class=\"elementor-testimonial-image\">\n\t\t\t\t\t\t\t<img decoding=\"async\" width=\"150\" height=\"150\" src=\"https:\/\/zp-group.cz\/wp-content\/uploads\/2024\/01\/tygr5-150x150.png\" class=\"attachment-thumbnail size-thumbnail wp-image-731\" alt=\"\" srcset=\"https:\/\/zp-group.cz\/wp-content\/uploads\/2024\/01\/tygr5-150x150.png 150w, https:\/\/zp-group.cz\/wp-content\/uploads\/2024\/01\/tygr5-300x300.png 300w, https:\/\/zp-group.cz\/wp-content\/uploads\/2024\/01\/tygr5.png 400w\" sizes=\"(max-width: 150px) 100vw, 150px\" \/>\t\t\t\t\t\t<\/div>\n\t\t\t\t\t\n\t\t\t\t\t\t\t\t\t\t<div class=\"elementor-testimonial-details\">\n\t\t\t\t\t\t\t\t\t\t\t\t\t\t<div class=\"elementor-testimonial-name\">Josef T.<\/div>\n\t\t\t\t\t\t\t\t\t\t\t\t\t\t\t\t\t\t\t\t\t\t<div class=\"elementor-testimonial-job\">klient<\/div>\n\t\t\t\t\t\t\t\t\t\t\t\t\t<\/div>\n\t\t\t\t\t\t\t\t\t<\/div>\n\t\t\t<\/div>\n\t\t\t\t\t<\/div>\n\t\t\t\t\t\t<\/div>\n\t\t\t\t<\/div>\n\t\t\t\t\t<\/div>\n\t\t<\/div>\n\t\t\t\t<div class=\"elementor-column elementor-col-50 elementor-top-column elementor-element elementor-element-33038e4\" data-id=\"33038e4\" data-element_type=\"column\">\n\t\t\t<div class=\"elementor-widget-wrap elementor-element-populated\">\n\t\t\t\t\t\t<div class=\"elementor-element elementor-element-212510b elementor-widget elementor-widget-testimonial\" data-id=\"212510b\" data-element_type=\"widget\" data-widget_type=\"testimonial.default\">\n\t\t\t\t<div class=\"elementor-widget-container\">\n\t\t\t\t\t\t\t<div class=\"elementor-testimonial-wrapper\">\n\t\t\t\t\t\t\t<div class=\"elementor-testimonial-content\">Dlouho jsem nemohla naj\u00edt kvalitn\u00ed pr\u00e1ci. Firma ZP group T\u0159inec mi ji na\u0161la b\u011bhem chvilky. Prov\u011b\u0159ili smlouvu a domluvili kvalitn\u00ed podm\u00ednky. Jsem spokojena a velice doporu\u010duji. <\/div>\n\t\t\t\n\t\t\t\t\t\t<div class=\"elementor-testimonial-meta elementor-has-image elementor-testimonial-image-position-aside\">\n\t\t\t\t<div class=\"elementor-testimonial-meta-inner\">\n\t\t\t\t\t\t\t\t\t\t\t<div class=\"elementor-testimonial-image\">\n\t\t\t\t\t\t\t<img decoding=\"async\" width=\"150\" height=\"150\" src=\"https:\/\/zp-group.cz\/wp-content\/uploads\/2024\/01\/tygr5-150x150.png\" class=\"attachment-thumbnail size-thumbnail wp-image-731\" alt=\"\" srcset=\"https:\/\/zp-group.cz\/wp-content\/uploads\/2024\/01\/tygr5-150x150.png 150w, https:\/\/zp-group.cz\/wp-content\/uploads\/2024\/01\/tygr5-300x300.png 300w, https:\/\/zp-group.cz\/wp-content\/uploads\/2024\/01\/tygr5.png 400w\" sizes=\"(max-width: 150px) 100vw, 150px\" \/>\t\t\t\t\t\t<\/div>\n\t\t\t\t\t\n\t\t\t\t\t\t\t\t\t\t<div class=\"elementor-testimonial-details\">\n\t\t\t\t\t\t\t\t\t\t\t\t\t\t<div class=\"elementor-testimonial-name\">Jana P.<\/div>\n\t\t\t\t\t\t\t\t\t\t\t\t\t\t\t\t\t\t\t\t\t\t<div class=\"elementor-testimonial-job\">klientka<\/div>\n\t\t\t\t\t\t\t\t\t\t\t\t\t<\/div>\n\t\t\t\t\t\t\t\t\t<\/div>\n\t\t\t<\/div>\n\t\t\t\t\t<\/div>\n\t\t\t\t\t\t<\/div>\n\t\t\t\t<\/div>\n\t\t\t\t\t<\/div>\n\t\t<\/div>\n\t\t\t\t\t<\/div>\n\t\t<\/section>\n\t\t\t\t<\/div>\n\t\t","protected":false},"excerpt":{"rendered":"<p>ZP group T\u0159inec byla zalo\u017eena v roce 2008. Jedn\u00e1 se zejm\u00e9na o zku\u0161en\u00e9 b\u00fdval\u00e9 policisty Policie \u010cesk\u00e9 Republiky s dlouholetou prax\u00ed, kte\u0159\u00ed vyu\u017e\u00edvaj\u00ed sv\u00e9 zku\u0161enosti striktn\u011b v r\u00e1mci platn\u00e9 legislativy \u010cesk\u00e9 Republiky a to za p\u0159im\u011b\u0159en\u00fdch finan\u010dn\u00edch podm\u00ednek. ZP group T\u0159inec nab\u00edz\u00ed zejm\u00e9na tyto slu\u017eby: P\u016fsob\u00edme na cel\u00e9m \u00fazem\u00ed \u010cesk\u00e9 Republiky, prioritn\u011b v\u0161ak na teritori\u00e1ln\u00edm [&hellip;]<\/p>\n","protected":false},"author":1,"featured_media":0,"parent":0,"menu_order":0,"comment_status":"closed","ping_status":"open","template":"","meta":{"footnotes":""},"class_list":["post-2","page","type-page","status-publish","hentry","entry"],"_links":{"self":[{"href":"https:\/\/zp-group.cz\/index.php\/wp-json\/wp\/v2\/pages\/2","targetHints":{"allow":["GET"]}}],"collection":[{"href":"https:\/\/zp-group.cz\/index.php\/wp-json\/wp\/v2\/pages"}],"about":[{"href":"https:\/\/zp-group.cz\/index.php\/wp-json\/wp\/v2\/types\/page"}],"author":[{"embeddable":true,"href":"https:\/\/zp-group.cz\/index.php\/wp-json\/wp\/v2\/users\/1"}],"replies":[{"embeddable":true,"href":"https:\/\/zp-group.cz\/index.php\/wp-json\/wp\/v2\/comments?post=2"}],"version-history":[{"count":176,"href":"https:\/\/zp-group.cz\/index.php\/wp-json\/wp\/v2\/pages\/2\/revisions"}],"predecessor-version":[{"id":734,"href":"https:\/\/zp-group.cz\/index.php\/wp-json\/wp\/v2\/pages\/2\/revisions\/734"}],"wp:attachment":[{"href":"https:\/\/zp-group.cz\/index.php\/wp-json\/wp\/v2\/media?parent=2"}],"curies":[{"name":"wp","href":"https:\/\/api.w.org\/{rel}","templated":true}]}}