{"id":363,"date":"2023-06-04T01:54:07","date_gmt":"2023-06-03T23:54:07","guid":{"rendered":"http:\/\/localhost\/?page_id=363"},"modified":"2023-07-23T09:04:08","modified_gmt":"2023-07-23T07:04:08","slug":"opravneni-firmy","status":"publish","type":"page","link":"https:\/\/zp-group.cz\/index.php\/opravneni-firmy\/","title":{"rendered":"Opr\u00e1vn\u011bn\u00ed firmy"},"content":{"rendered":"<p>V r\u00e1mci transparentnosti na\u0161i spole\u010dnosti zde uv\u00e1d\u00edme ve\u0161ker\u00e1 opr\u00e1vn\u011bn\u00ed, kter\u00e1 n\u00e1m byla ud\u011blena.<\/p>\n<p><a href=\"https:\/\/zp-group.cz\/wp-content\/uploads\/2023\/06\/povoleni_zamestnani.pdf\" target=\"_blank\" rel=\"noopener\">Povolen\u00ed ke zprost\u0159edkov\u00e1n\u00ed pr\u00e1ce<\/a><\/p>\n<p>&nbsp;<\/p>\n","protected":false},"excerpt":{"rendered":"<p>V r\u00e1mci transparentnosti na\u0161i spole\u010dnosti zde uv\u00e1d\u00edme ve\u0161ker\u00e1 opr\u00e1vn\u011bn\u00ed, kter\u00e1 n\u00e1m byla ud\u011blena. Povolen\u00ed ke zprost\u0159edkov\u00e1n\u00ed pr\u00e1ce &nbsp;<\/p>\n","protected":false},"author":1,"featured_media":0,"parent":0,"menu_order":0,"comment_status":"closed","ping_status":"closed","template":"","meta":{"footnotes":""},"class_list":["post-363","page","type-page","status-publish","hentry","entry"],"_links":{"self":[{"href":"https:\/\/zp-group.cz\/index.php\/wp-json\/wp\/v2\/pages\/363","targetHints":{"allow":["GET"]}}],"collection":[{"href":"https:\/\/zp-group.cz\/index.php\/wp-json\/wp\/v2\/pages"}],"about":[{"href":"https:\/\/zp-group.cz\/index.php\/wp-json\/wp\/v2\/types\/page"}],"author":[{"embeddable":true,"href":"https:\/\/zp-group.cz\/index.php\/wp-json\/wp\/v2\/users\/1"}],"replies":[{"embeddable":true,"href":"https:\/\/zp-group.cz\/index.php\/wp-json\/wp\/v2\/comments?post=363"}],"version-history":[{"count":6,"href":"https:\/\/zp-group.cz\/index.php\/wp-json\/wp\/v2\/pages\/363\/revisions"}],"predecessor-version":[{"id":469,"href":"https:\/\/zp-group.cz\/index.php\/wp-json\/wp\/v2\/pages\/363\/revisions\/469"}],"wp:attachment":[{"href":"https:\/\/zp-group.cz\/index.php\/wp-json\/wp\/v2\/media?parent=363"}],"curies":[{"name":"wp","href":"https:\/\/api.w.org\/{rel}","templated":true}]}}