{"id":456,"date":"2023-07-23T08:46:56","date_gmt":"2023-07-23T06:46:56","guid":{"rendered":"https:\/\/zp-group.cz\/?page_id=456"},"modified":"2023-07-23T08:57:05","modified_gmt":"2023-07-23T06:57:05","slug":"personalistika","status":"publish","type":"page","link":"https:\/\/zp-group.cz\/index.php\/personalistika\/","title":{"rendered":"Personalistika"},"content":{"rendered":"<p><style>\/*! elementor - v3.14.0 - 26-06-2023 *\/<br \/>\n.elementor-heading-title{padding:0;margin:0;line-height:1}.elementor-widget-heading .elementor-heading-title[class*=elementor-size-]>a{color:inherit;font-size:inherit;line-height:inherit}.elementor-widget-heading .elementor-heading-title.elementor-size-small{font-size:15px}.elementor-widget-heading .elementor-heading-title.elementor-size-medium{font-size:19px}.elementor-widget-heading .elementor-heading-title.elementor-size-large{font-size:29px}.elementor-widget-heading .elementor-heading-title.elementor-size-xl{font-size:39px}.elementor-widget-heading .elementor-heading-title.elementor-size-xxl{font-size:59px}<\/style><\/p>\n<h2>Zajist\u00edme V\u00e1m pr\u00e1ci na HPP &#8211; do kmene velk\u00fdch i mal\u00fdch firem v na\u0161em regionu.<\/h2>\n\n\n<h2 class=\"wp-block-heading\">Nejnov\u011bj\u0161\u00ed nab\u00edzen\u00e9 pracovn\u00ed nab\u00eddky<\/h2>\n\n\n<ul class=\"wp-block-latest-posts__list wp-block-latest-posts\"><li><a class=\"wp-block-latest-posts__post-title\" href=\"https:\/\/zp-group.cz\/index.php\/2023\/06\/04\/prodejni-koordinator-s-nemeckym-jazykem\/\">PRODEJN\u00cd KOORDIN\u00c1TOR S N\u011aMECK\u00ddM JAZYKEM<\/a><\/li>\n<li><a class=\"wp-block-latest-posts__post-title\" href=\"https:\/\/zp-group.cz\/index.php\/2023\/06\/04\/operator-ka-cnc-stroju\/\">OPER\u00c1TOR\/KA CNC STROJ\u016e<\/a><\/li>\n<li><a class=\"wp-block-latest-posts__post-title\" href=\"https:\/\/zp-group.cz\/index.php\/2023\/06\/04\/provozni-elektrikari\/\">PROVOZN\u00cd ELEKTRIK\u00c1\u0158I<\/a><\/li>\n<li><a class=\"wp-block-latest-posts__post-title\" href=\"https:\/\/zp-group.cz\/index.php\/2023\/06\/04\/provozni-zamecnici\/\">PROVOZN\u00cd Z\u00c1ME\u010cN\u00cdCI<\/a><\/li>\n<li><a class=\"wp-block-latest-posts__post-title\" href=\"https:\/\/zp-group.cz\/index.php\/2023\/06\/04\/instalater-ka\/\">INSTALAT\u00c9R\/KA<\/a><\/li>\n<li><a class=\"wp-block-latest-posts__post-title\" href=\"https:\/\/zp-group.cz\/index.php\/2023\/05\/14\/elektrikar-pouze-ranni-smeny\/\">ELEKTRIK\u00c1\u0158 \u2013 pouze rann\u00ed sm\u011bny<\/a><\/li>\n<li><a class=\"wp-block-latest-posts__post-title\" href=\"https:\/\/zp-group.cz\/index.php\/2023\/05\/14\/operator-vyroby-potravinarsky-prumysl\/\">OPER\u00c1TOR V\u00ddROBY \u2013 potravin\u00e1\u0159sk\u00fd pr\u016fmysl<\/a><\/li>\n<li><a class=\"wp-block-latest-posts__post-title\" href=\"https:\/\/zp-group.cz\/index.php\/2023\/05\/14\/stavebni-delnik\/\">STAVEBN\u00cd D\u011aLN\u00cdK<\/a><\/li>\n<\/ul>\n\n\n<p>Hled\u00e1te zam\u011bstnance? Napi\u0161te n\u00e1m na e-mail <em><strong>zpgroup@seznam.cz<\/strong><\/em>  a my je pro V\u00e1s najdeme. <\/p>\n","protected":false},"excerpt":{"rendered":"<p>Zajist\u00edme V\u00e1m pr\u00e1ci na HPP &#8211; do kmene velk\u00fdch i mal\u00fdch firem v na\u0161em regionu. Nejnov\u011bj\u0161\u00ed nab\u00edzen\u00e9 pracovn\u00ed nab\u00eddky Hled\u00e1te zam\u011bstnance? Napi\u0161te n\u00e1m na e-mail zpgroup@seznam.cz a my je pro V\u00e1s najdeme.<\/p>\n","protected":false},"author":1,"featured_media":0,"parent":0,"menu_order":0,"comment_status":"closed","ping_status":"closed","template":"","meta":{"footnotes":""},"class_list":["post-456","page","type-page","status-publish","hentry","entry"],"_links":{"self":[{"href":"https:\/\/zp-group.cz\/index.php\/wp-json\/wp\/v2\/pages\/456","targetHints":{"allow":["GET"]}}],"collection":[{"href":"https:\/\/zp-group.cz\/index.php\/wp-json\/wp\/v2\/pages"}],"about":[{"href":"https:\/\/zp-group.cz\/index.php\/wp-json\/wp\/v2\/types\/page"}],"author":[{"embeddable":true,"href":"https:\/\/zp-group.cz\/index.php\/wp-json\/wp\/v2\/users\/1"}],"replies":[{"embeddable":true,"href":"https:\/\/zp-group.cz\/index.php\/wp-json\/wp\/v2\/comments?post=456"}],"version-history":[{"count":10,"href":"https:\/\/zp-group.cz\/index.php\/wp-json\/wp\/v2\/pages\/456\/revisions"}],"predecessor-version":[{"id":467,"href":"https:\/\/zp-group.cz\/index.php\/wp-json\/wp\/v2\/pages\/456\/revisions\/467"}],"wp:attachment":[{"href":"https:\/\/zp-group.cz\/index.php\/wp-json\/wp\/v2\/media?parent=456"}],"curies":[{"name":"wp","href":"https:\/\/api.w.org\/{rel}","templated":true}]}}