{"id":471,"date":"2023-07-23T09:10:58","date_gmt":"2023-07-23T07:10:58","guid":{"rendered":"https:\/\/zp-group.cz\/?page_id=471"},"modified":"2023-07-23T09:22:05","modified_gmt":"2023-07-23T07:22:05","slug":"reklamni-cinnost","status":"publish","type":"page","link":"https:\/\/zp-group.cz\/index.php\/reklamni-cinnost\/","title":{"rendered":"Reklamn\u00ed \u010dinnost"},"content":{"rendered":"<h2>Pot\u0159ebujete zv\u00fd\u0161it pov\u011bdom\u00ed o va\u0161\u00ed firm\u011b nebo spole\u010dnosti?<\/h2>\n<p>Nab\u00edz\u00edme poradenstv\u00ed v oblasti reklamy a marketingu.<\/p>\n<p>Kontaktujte n\u00e1s na e-mailu zpgroup@seznam.cz nebo telefonn\u00ed \u010d\u00edsle 724 708 058.<\/p>\n","protected":false},"excerpt":{"rendered":"<p>Pot\u0159ebujete zv\u00fd\u0161it pov\u011bdom\u00ed o va\u0161\u00ed firm\u011b nebo spole\u010dnosti? Nab\u00edz\u00edme poradenstv\u00ed v oblasti reklamy a marketingu. Kontaktujte n\u00e1s na e-mailu zpgroup@seznam.cz nebo telefonn\u00ed \u010d\u00edsle 724 708 058.<\/p>\n","protected":false},"author":1,"featured_media":0,"parent":0,"menu_order":0,"comment_status":"closed","ping_status":"closed","template":"","meta":{"footnotes":""},"class_list":["post-471","page","type-page","status-publish","hentry","entry"],"_links":{"self":[{"href":"https:\/\/zp-group.cz\/index.php\/wp-json\/wp\/v2\/pages\/471","targetHints":{"allow":["GET"]}}],"collection":[{"href":"https:\/\/zp-group.cz\/index.php\/wp-json\/wp\/v2\/pages"}],"about":[{"href":"https:\/\/zp-group.cz\/index.php\/wp-json\/wp\/v2\/types\/page"}],"author":[{"embeddable":true,"href":"https:\/\/zp-group.cz\/index.php\/wp-json\/wp\/v2\/users\/1"}],"replies":[{"embeddable":true,"href":"https:\/\/zp-group.cz\/index.php\/wp-json\/wp\/v2\/comments?post=471"}],"version-history":[{"count":4,"href":"https:\/\/zp-group.cz\/index.php\/wp-json\/wp\/v2\/pages\/471\/revisions"}],"predecessor-version":[{"id":482,"href":"https:\/\/zp-group.cz\/index.php\/wp-json\/wp\/v2\/pages\/471\/revisions\/482"}],"wp:attachment":[{"href":"https:\/\/zp-group.cz\/index.php\/wp-json\/wp\/v2\/media?parent=471"}],"curies":[{"name":"wp","href":"https:\/\/api.w.org\/{rel}","templated":true}]}}