{"id":473,"date":"2023-07-23T09:11:11","date_gmt":"2023-07-23T07:11:11","guid":{"rendered":"https:\/\/zp-group.cz\/?page_id=473"},"modified":"2023-07-23T09:20:17","modified_gmt":"2023-07-23T07:20:17","slug":"nakup-a-prodej-pozemku","status":"publish","type":"page","link":"https:\/\/zp-group.cz\/index.php\/nakup-a-prodej-pozemku\/","title":{"rendered":"N\u00e1kup a prodej pozemk\u016f"},"content":{"rendered":"<h2>Prod\u00e1v\u00e1te pozemek? Koup\u00edme jej od V\u00e1s.<\/h2>\n<p>Nakupujeme stavebn\u00ed pozemky za f\u00e9rov\u00e9 ceny.<\/p>\n<p>Cel\u00fd legislativn\u00ed proces zajist\u00edme. Nemus\u00edte nikam jezdit, nic za\u0159izovat. V\u0161e za\u0159\u00edd\u00edme za V\u00e1s.<\/p>\n<p>Kontaktujte n\u00e1s na e-mailu zpgroup@seznam.cz nebo telefonn\u00ed \u010d\u00edsle 724 708 058.<\/p>\n<p>&nbsp;<\/p>\n<h2>Sh\u00e1n\u00edte stavebn\u00ed pozemek?<\/h2>\n<p>Nab\u00edz\u00edme k prodeji lukrativn\u00ed stavebn\u00ed pozemky. V\u0161echny pozemky jsou ov\u011b\u0159eny a lze na nich bezpe\u010dn\u011b stav\u011bt.<\/p>\n<p>Kontaktujte n\u00e1s na e-mailu zpgroup@seznam.cz nebo telefonn\u00ed \u010d\u00edsle 724 708 058.<\/p>\n","protected":false},"excerpt":{"rendered":"<p>Prod\u00e1v\u00e1te pozemek? Koup\u00edme jej od V\u00e1s. Nakupujeme stavebn\u00ed pozemky za f\u00e9rov\u00e9 ceny. Cel\u00fd legislativn\u00ed proces zajist\u00edme. Nemus\u00edte nikam jezdit, nic za\u0159izovat. V\u0161e za\u0159\u00edd\u00edme za V\u00e1s. Kontaktujte n\u00e1s na e-mailu zpgroup@seznam.cz nebo telefonn\u00ed \u010d\u00edsle 724 708 058. &nbsp; Sh\u00e1n\u00edte stavebn\u00ed pozemek? Nab\u00edz\u00edme k prodeji lukrativn\u00ed stavebn\u00ed pozemky. V\u0161echny pozemky jsou ov\u011b\u0159eny a lze na nich bezpe\u010dn\u011b [&hellip;]<\/p>\n","protected":false},"author":1,"featured_media":0,"parent":0,"menu_order":0,"comment_status":"closed","ping_status":"closed","template":"","meta":{"footnotes":""},"class_list":["post-473","page","type-page","status-publish","hentry","entry"],"_links":{"self":[{"href":"https:\/\/zp-group.cz\/index.php\/wp-json\/wp\/v2\/pages\/473","targetHints":{"allow":["GET"]}}],"collection":[{"href":"https:\/\/zp-group.cz\/index.php\/wp-json\/wp\/v2\/pages"}],"about":[{"href":"https:\/\/zp-group.cz\/index.php\/wp-json\/wp\/v2\/types\/page"}],"author":[{"embeddable":true,"href":"https:\/\/zp-group.cz\/index.php\/wp-json\/wp\/v2\/users\/1"}],"replies":[{"embeddable":true,"href":"https:\/\/zp-group.cz\/index.php\/wp-json\/wp\/v2\/comments?post=473"}],"version-history":[{"count":4,"href":"https:\/\/zp-group.cz\/index.php\/wp-json\/wp\/v2\/pages\/473\/revisions"}],"predecessor-version":[{"id":479,"href":"https:\/\/zp-group.cz\/index.php\/wp-json\/wp\/v2\/pages\/473\/revisions\/479"}],"wp:attachment":[{"href":"https:\/\/zp-group.cz\/index.php\/wp-json\/wp\/v2\/media?parent=473"}],"curies":[{"name":"wp","href":"https:\/\/api.w.org\/{rel}","templated":true}]}}