{"id":54,"date":"2023-04-27T10:13:12","date_gmt":"2023-04-27T08:13:12","guid":{"rendered":"http:\/\/localhost\/?page_id=54"},"modified":"2023-06-04T02:48:51","modified_gmt":"2023-06-04T00:48:51","slug":"vymahani-pohledavek","status":"publish","type":"page","link":"https:\/\/zp-group.cz\/index.php\/vymahani-pohledavek\/","title":{"rendered":"Vym\u00e1h\u00e1n\u00ed pohled\u00e1vek"},"content":{"rendered":"<p>Na\u0161e detektivn\u00ed kancel\u00e1\u0159 vym\u00e1h\u00e1 z\u00e1vazky po soukrom\u00fdch osob\u00e1ch a firm\u00e1ch jak mimosoudn\u00ed cestou, tak n\u00e1sledn\u011b v ob\u010dansko &#8211; pr\u00e1vn\u00edm sporu. V p\u0159\u00edpad\u011b, \u017ee mimosoudn\u011b se s povinn\u00fdm nedohodneme a to po p\u0159edchoz\u00edch v\u00fdzv\u00e1ch r\u016fzn\u00e9ho stupn\u011b, n\u00e1sleduje soudn\u00ed spor.<\/p>\n<p>Po ukon\u010den\u00ed soudn\u00edho sporu a vyd\u00e1n\u00ed rozhodnut\u00ed &#8211; v p\u0159\u00edpad\u011b, \u017ee povinn\u00fd neuhrad\u00ed po\u017eadovanou dlu\u017enou \u010d\u00e1stku, oslovujeme exekutorskou kancel\u00e1\u0159 k dal\u0161\u00ed spolupr\u00e1ci. Takto spolehliv\u011b dojdeme k umo\u0159en\u00ed dan\u00e9ho dluhu.<\/p>\n<p><strong>V n\u011bkter\u00fdch p\u0159\u00edpadech jsme schopni a ochotni ve\u0161ker\u00e9 n\u00e1klady spojen\u00e9 s t\u00edmto vym\u00e1h\u00e1n\u00edm &#8211; v\u010detn\u011b soudn\u00edch v\u00fdloh hradit z vlastn\u00edch prost\u0159edk\u016f s t\u00edm, \u017ee teprve po vyhran\u00e9m sporu a p\u0159eveden\u00ed pen\u011bz na \u00fa\u010det klienta obdr\u017e\u00edme p\u0159edem smluvn\u011b stanovenou provizi.<\/strong><\/p>\n<p><strong>T\u00edmto doc\u00edl\u00edme toho, \u017ee klient nejde do \u017e\u00e1dn\u00e9ho rizika a v p\u0159\u00edpad\u011b, \u017ee nem\u00e1 na tyto n\u00e1klady &#8211; nem\u00e1 co ztratit, pouze z\u00edskat.<\/strong><\/p>\n","protected":false},"excerpt":{"rendered":"<p>Na\u0161e detektivn\u00ed kancel\u00e1\u0159 vym\u00e1h\u00e1 z\u00e1vazky po soukrom\u00fdch osob\u00e1ch a firm\u00e1ch jak mimosoudn\u00ed cestou, tak n\u00e1sledn\u011b v ob\u010dansko &#8211; pr\u00e1vn\u00edm sporu. V p\u0159\u00edpad\u011b, \u017ee mimosoudn\u011b se s povinn\u00fdm nedohodneme a to po p\u0159edchoz\u00edch v\u00fdzv\u00e1ch r\u016fzn\u00e9ho stupn\u011b, n\u00e1sleduje soudn\u00ed spor. Po ukon\u010den\u00ed soudn\u00edho sporu a vyd\u00e1n\u00ed rozhodnut\u00ed &#8211; v p\u0159\u00edpad\u011b, \u017ee povinn\u00fd neuhrad\u00ed po\u017eadovanou dlu\u017enou \u010d\u00e1stku, oslovujeme [&hellip;]<\/p>\n","protected":false},"author":1,"featured_media":0,"parent":0,"menu_order":0,"comment_status":"closed","ping_status":"closed","template":"","meta":{"footnotes":""},"class_list":["post-54","page","type-page","status-publish","hentry","entry"],"_links":{"self":[{"href":"https:\/\/zp-group.cz\/index.php\/wp-json\/wp\/v2\/pages\/54","targetHints":{"allow":["GET"]}}],"collection":[{"href":"https:\/\/zp-group.cz\/index.php\/wp-json\/wp\/v2\/pages"}],"about":[{"href":"https:\/\/zp-group.cz\/index.php\/wp-json\/wp\/v2\/types\/page"}],"author":[{"embeddable":true,"href":"https:\/\/zp-group.cz\/index.php\/wp-json\/wp\/v2\/users\/1"}],"replies":[{"embeddable":true,"href":"https:\/\/zp-group.cz\/index.php\/wp-json\/wp\/v2\/comments?post=54"}],"version-history":[{"count":2,"href":"https:\/\/zp-group.cz\/index.php\/wp-json\/wp\/v2\/pages\/54\/revisions"}],"predecessor-version":[{"id":401,"href":"https:\/\/zp-group.cz\/index.php\/wp-json\/wp\/v2\/pages\/54\/revisions\/401"}],"wp:attachment":[{"href":"https:\/\/zp-group.cz\/index.php\/wp-json\/wp\/v2\/media?parent=54"}],"curies":[{"name":"wp","href":"https:\/\/api.w.org\/{rel}","templated":true}]}}