{"id":60,"date":"2023-04-27T10:14:00","date_gmt":"2023-04-27T08:14:00","guid":{"rendered":"http:\/\/localhost\/?page_id=60"},"modified":"2023-06-04T02:50:50","modified_gmt":"2023-06-04T00:50:50","slug":"kuryrni-sluzba","status":"publish","type":"page","link":"https:\/\/zp-group.cz\/index.php\/kuryrni-sluzba\/","title":{"rendered":"Kur\u00fdrn\u00ed slu\u017eba"},"content":{"rendered":"<ul>\n<li>Samoz\u0159ejmost\u00ed je doru\u010den\u00ed po\u0161tovn\u00ed z\u00e1silky v kteroukoliv denn\u00ed i no\u010dn\u00ed hodinu<\/li>\n<li>Proveden\u00ed dokumentace p\u0159ebr\u00e1n\u00ed po\u0161tovn\u00ed z\u00e1silky (audio, video)<\/li>\n<li>P\u0159ed\u00e1vac\u00ed protokol \u2013 podpis p\u0159\u00edjemce, p\u0159\u00edtomnost a podpisy sv\u011bdk\u016f<\/li>\n<li>Proveden\u00ed dokumentace v p\u0159\u00edpad\u011b odm\u00edtnut\u00ed p\u0159ebr\u00e1n\u00ed po\u0161tovn\u00ed z\u00e1silky (audio, video, sv\u011bdci)<\/li>\n<\/ul>\n","protected":false},"excerpt":{"rendered":"<p>Samoz\u0159ejmost\u00ed je doru\u010den\u00ed po\u0161tovn\u00ed z\u00e1silky v kteroukoliv denn\u00ed i no\u010dn\u00ed hodinu Proveden\u00ed dokumentace p\u0159ebr\u00e1n\u00ed po\u0161tovn\u00ed z\u00e1silky (audio, video) P\u0159ed\u00e1vac\u00ed protokol \u2013 podpis p\u0159\u00edjemce, p\u0159\u00edtomnost a podpisy sv\u011bdk\u016f Proveden\u00ed dokumentace v p\u0159\u00edpad\u011b odm\u00edtnut\u00ed p\u0159ebr\u00e1n\u00ed po\u0161tovn\u00ed z\u00e1silky (audio, video, sv\u011bdci)<\/p>\n","protected":false},"author":1,"featured_media":0,"parent":0,"menu_order":0,"comment_status":"closed","ping_status":"closed","template":"","meta":{"footnotes":""},"class_list":["post-60","page","type-page","status-publish","hentry","entry"],"_links":{"self":[{"href":"https:\/\/zp-group.cz\/index.php\/wp-json\/wp\/v2\/pages\/60","targetHints":{"allow":["GET"]}}],"collection":[{"href":"https:\/\/zp-group.cz\/index.php\/wp-json\/wp\/v2\/pages"}],"about":[{"href":"https:\/\/zp-group.cz\/index.php\/wp-json\/wp\/v2\/types\/page"}],"author":[{"embeddable":true,"href":"https:\/\/zp-group.cz\/index.php\/wp-json\/wp\/v2\/users\/1"}],"replies":[{"embeddable":true,"href":"https:\/\/zp-group.cz\/index.php\/wp-json\/wp\/v2\/comments?post=60"}],"version-history":[{"count":2,"href":"https:\/\/zp-group.cz\/index.php\/wp-json\/wp\/v2\/pages\/60\/revisions"}],"predecessor-version":[{"id":403,"href":"https:\/\/zp-group.cz\/index.php\/wp-json\/wp\/v2\/pages\/60\/revisions\/403"}],"wp:attachment":[{"href":"https:\/\/zp-group.cz\/index.php\/wp-json\/wp\/v2\/media?parent=60"}],"curies":[{"name":"wp","href":"https:\/\/api.w.org\/{rel}","templated":true}]}}