{"id":62,"date":"2023-04-27T10:14:24","date_gmt":"2023-04-27T08:14:24","guid":{"rendered":"http:\/\/localhost\/?page_id=62"},"modified":"2023-06-04T02:52:07","modified_gmt":"2023-06-04T00:52:07","slug":"spoluprace-s-pcr","status":"publish","type":"page","link":"https:\/\/zp-group.cz\/index.php\/spoluprace-s-pcr\/","title":{"rendered":"Spolupr\u00e1ce s P\u010cR"},"content":{"rendered":"<p>ZP group dlouhodob\u011b spolupracuje s Polici\u00ed \u010cesk\u00e9 republiky, slu\u017ebou krimin\u00e1ln\u00ed policie a vy\u0161et\u0159ov\u00e1n\u00ed pro odhalov\u00e1n\u00ed trestn\u00e9 \u010dinnosti.<\/p>\n<p>Vzhledem k citlivosti informac\u00ed spojen\u00fdch s t\u011bmito p\u0159\u00edpady nelze s taktick\u00e9ho hlediska zde uv\u00e1d\u011bt jak\u00e9koliv podrobnosti<\/p>\n","protected":false},"excerpt":{"rendered":"<p>ZP group dlouhodob\u011b spolupracuje s Polici\u00ed \u010cesk\u00e9 republiky, slu\u017ebou krimin\u00e1ln\u00ed policie a vy\u0161et\u0159ov\u00e1n\u00ed pro odhalov\u00e1n\u00ed trestn\u00e9 \u010dinnosti. Vzhledem k citlivosti informac\u00ed spojen\u00fdch s t\u011bmito p\u0159\u00edpady nelze s taktick\u00e9ho hlediska zde uv\u00e1d\u011bt jak\u00e9koliv podrobnosti<\/p>\n","protected":false},"author":1,"featured_media":0,"parent":0,"menu_order":0,"comment_status":"closed","ping_status":"closed","template":"","meta":{"footnotes":""},"class_list":["post-62","page","type-page","status-publish","hentry","entry"],"_links":{"self":[{"href":"https:\/\/zp-group.cz\/index.php\/wp-json\/wp\/v2\/pages\/62","targetHints":{"allow":["GET"]}}],"collection":[{"href":"https:\/\/zp-group.cz\/index.php\/wp-json\/wp\/v2\/pages"}],"about":[{"href":"https:\/\/zp-group.cz\/index.php\/wp-json\/wp\/v2\/types\/page"}],"author":[{"embeddable":true,"href":"https:\/\/zp-group.cz\/index.php\/wp-json\/wp\/v2\/users\/1"}],"replies":[{"embeddable":true,"href":"https:\/\/zp-group.cz\/index.php\/wp-json\/wp\/v2\/comments?post=62"}],"version-history":[{"count":2,"href":"https:\/\/zp-group.cz\/index.php\/wp-json\/wp\/v2\/pages\/62\/revisions"}],"predecessor-version":[{"id":406,"href":"https:\/\/zp-group.cz\/index.php\/wp-json\/wp\/v2\/pages\/62\/revisions\/406"}],"wp:attachment":[{"href":"https:\/\/zp-group.cz\/index.php\/wp-json\/wp\/v2\/media?parent=62"}],"curies":[{"name":"wp","href":"https:\/\/api.w.org\/{rel}","templated":true}]}}