{"id":7,"date":"2023-04-27T08:59:49","date_gmt":"2023-04-27T06:59:49","guid":{"rendered":"http:\/\/localhost\/?page_id=7"},"modified":"2023-06-04T01:34:11","modified_gmt":"2023-06-03T23:34:11","slug":"cenik-sluzeb","status":"publish","type":"page","link":"https:\/\/zp-group.cz\/index.php\/cenik-sluzeb\/","title":{"rendered":"Cen\u00edk slu\u017eeb"},"content":{"rendered":"<p>Ceny jsou smluvn\u00ed<\/p>\n<ul>\n<li><strong>Prvn\u00ed konzultace, osobn\u00ed setk\u00e1n\u00ed a vyhodnocen\u00ed p\u0159\u00edpadu ZDARMA<\/strong><\/li>\n<li>Ka\u017ed\u00e1 zapo\u010dat\u00e1 hodina &#8211; 200 a\u017e 500 K\u010d + 10 K\u010d\/km<\/li>\n<li>Seps\u00e1n\u00ed a pod\u00e1n\u00ed trestn\u00edho ozn\u00e1men\u00ed na Policii \u010cesk\u00e9 republiky, p\u0159\u00edpadn\u011b Okresn\u00ed st\u00e1tn\u00ed zastupitelstv\u00ed \u2013 2 500 K\u010d<\/li>\n<li>Seps\u00e1n\u00ed a pod\u00e1n\u00ed p\u0159estupku na Policii \u010cesk\u00e9 republiky, p\u0159\u00edpadn\u011b Spr\u00e1vn\u00edmu org\u00e1nu M\u011b. \u00fa\u0159adu \u2013 1 000 K\u010d<\/li>\n<li>P\u0159edn\u00e1\u0161ky &#8211; 2 500 K\u010d<\/li>\n<li>P\u0159\u00edplatek za soboty, ned\u011ble, sv\u00e1tky + no\u010dn\u00ed 15%<\/li>\n<li>Ostatn\u00ed ceny jsou smluvn\u00ed na z\u00e1klad\u011b dohody obou stran<\/li>\n<\/ul>\n<p>K na\u0161\u00edm slu\u017eb\u00e1m \u00fa\u010dtujeme cestovn\u00e9 ze s\u00eddla firmy, T\u0159inec, a to 10 K\u010d\/km.<\/p>\n<p>Nejsme pl\u00e1tci DPH.<\/p>\n","protected":false},"excerpt":{"rendered":"<p>Ceny jsou smluvn\u00ed Prvn\u00ed konzultace, osobn\u00ed setk\u00e1n\u00ed a vyhodnocen\u00ed p\u0159\u00edpadu ZDARMA Ka\u017ed\u00e1 zapo\u010dat\u00e1 hodina &#8211; 200 a\u017e 500 K\u010d + 10 K\u010d\/km Seps\u00e1n\u00ed a pod\u00e1n\u00ed trestn\u00edho ozn\u00e1men\u00ed na Policii \u010cesk\u00e9 republiky, p\u0159\u00edpadn\u011b Okresn\u00ed st\u00e1tn\u00ed zastupitelstv\u00ed \u2013 2 500 K\u010d Seps\u00e1n\u00ed a pod\u00e1n\u00ed p\u0159estupku na Policii \u010cesk\u00e9 republiky, p\u0159\u00edpadn\u011b Spr\u00e1vn\u00edmu org\u00e1nu M\u011b. \u00fa\u0159adu \u2013 1 000 [&hellip;]<\/p>\n","protected":false},"author":1,"featured_media":0,"parent":0,"menu_order":0,"comment_status":"closed","ping_status":"closed","template":"","meta":{"footnotes":""},"class_list":["post-7","page","type-page","status-publish","hentry","entry"],"_links":{"self":[{"href":"https:\/\/zp-group.cz\/index.php\/wp-json\/wp\/v2\/pages\/7","targetHints":{"allow":["GET"]}}],"collection":[{"href":"https:\/\/zp-group.cz\/index.php\/wp-json\/wp\/v2\/pages"}],"about":[{"href":"https:\/\/zp-group.cz\/index.php\/wp-json\/wp\/v2\/types\/page"}],"author":[{"embeddable":true,"href":"https:\/\/zp-group.cz\/index.php\/wp-json\/wp\/v2\/users\/1"}],"replies":[{"embeddable":true,"href":"https:\/\/zp-group.cz\/index.php\/wp-json\/wp\/v2\/comments?post=7"}],"version-history":[{"count":3,"href":"https:\/\/zp-group.cz\/index.php\/wp-json\/wp\/v2\/pages\/7\/revisions"}],"predecessor-version":[{"id":349,"href":"https:\/\/zp-group.cz\/index.php\/wp-json\/wp\/v2\/pages\/7\/revisions\/349"}],"wp:attachment":[{"href":"https:\/\/zp-group.cz\/index.php\/wp-json\/wp\/v2\/media?parent=7"}],"curies":[{"name":"wp","href":"https:\/\/api.w.org\/{rel}","templated":true}]}}